{"id":9,"date":"2026-03-16T11:00:00","date_gmt":"2026-03-16T11:00:00","guid":{"rendered":"https:\/\/opthcare.iseg.ulisboa.pt\/?page_id=9"},"modified":"2026-03-16T10:50:28","modified_gmt":"2026-03-16T10:50:28","slug":"project-home-health-care","status":"publish","type":"page","link":"https:\/\/opthcare.iseg.ulisboa.pt\/","title":{"rendered":"Project Home Health Care"},"content":{"rendered":"\n<p>Bem vindo! Em breve teremos novidades.<\/p>\n\n\n\n<p>Welcome!  We\u2019ll have some news soon.<\/p>\n\n\n\n<p><\/p>\n\n\n\n<p><\/p>\n\n\n\n<p><\/p>\n\n\n\n<p><\/p>\n\n\n\n<p class=\"has-small-font-size\">Research supported by the Funda\u00e7\u00e3o para a Ci\u00eancia e a Tecnologia (Portuguese Foundation for Science and Technology) through project 2024.17418.PEX (https:\/\/doi.org\/10.54499\/2024.17418.PEX) and UID\/06522\/2025.<\/p>\n\n\n\n<p><\/p>\n","protected":false},"excerpt":{"rendered":"<p>Bem vindo! Em breve teremos novidades. Welcome! We\u2019ll have some news soon. Research supported by the Funda\u00e7\u00e3o para a Ci\u00eancia e a Tecnologia (Portuguese Foundation for Science and Technology) through project 2024.17418.PEX (https:\/\/doi.org\/10.54499\/2024.17418.PEX) and UID\/06522\/2025.<\/p>\n","protected":false},"author":2,"featured_media":0,"parent":0,"menu_order":0,"comment_status":"closed","ping_status":"closed","template":"","meta":{"footnotes":""},"class_list":["post-9","page","type-page","status-publish","hentry"],"_links":{"self":[{"href":"https:\/\/opthcare.iseg.ulisboa.pt\/index.php?rest_route=\/wp\/v2\/pages\/9","targetHints":{"allow":["GET"]}}],"collection":[{"href":"https:\/\/opthcare.iseg.ulisboa.pt\/index.php?rest_route=\/wp\/v2\/pages"}],"about":[{"href":"https:\/\/opthcare.iseg.ulisboa.pt\/index.php?rest_route=\/wp\/v2\/types\/page"}],"author":[{"embeddable":true,"href":"https:\/\/opthcare.iseg.ulisboa.pt\/index.php?rest_route=\/wp\/v2\/users\/2"}],"replies":[{"embeddable":true,"href":"https:\/\/opthcare.iseg.ulisboa.pt\/index.php?rest_route=%2Fwp%2Fv2%2Fcomments&post=9"}],"version-history":[{"count":1,"href":"https:\/\/opthcare.iseg.ulisboa.pt\/index.php?rest_route=\/wp\/v2\/pages\/9\/revisions"}],"predecessor-version":[{"id":10,"href":"https:\/\/opthcare.iseg.ulisboa.pt\/index.php?rest_route=\/wp\/v2\/pages\/9\/revisions\/10"}],"wp:attachment":[{"href":"https:\/\/opthcare.iseg.ulisboa.pt\/index.php?rest_route=%2Fwp%2Fv2%2Fmedia&parent=9"}],"curies":[{"name":"wp","href":"https:\/\/api.w.org\/{rel}","templated":true}]}}